{"id":163,"date":"2020-04-24T19:04:27","date_gmt":"2020-04-24T17:04:27","guid":{"rendered":"http:\/\/www.legasthenie.cc\/?page_id=163"},"modified":"2021-04-26T08:55:12","modified_gmt":"2021-04-26T06:55:12","slug":"online-legasthenie-und-lerntraining","status":"publish","type":"page","link":"http:\/\/www.legasthenie.cc\/?page_id=163","title":{"rendered":"Onlinetraining"},"content":{"rendered":"\n<p>Ich biete Ihrem Kind ein online Legasthenie-und\/oder Lerntraining an. Das funktioniert gut und ist einfach zu verwenden.<\/p>\n\n\n\n<ul><li><strong>Wie funktioniert es?<\/strong><\/li><\/ul>\n\n\n\n<p>Ich schicke meinen Meeting-URL &#8211; Voraussetzung ist die Installation vom Programm <a href=\"https:\/\/zoom.us\/download\">Zoom<\/a><\/p>\n\n\n\n<p> Zur verabredeten Zeit treffen wir uns dann im Zoom-Raum und bearbeiten gemeinsam die Arbeitsbl\u00e4tter, spielen, oder schreiben an einer Tafel<\/p>\n\n\n\n<p>Nach jeder Trainingsstunde verschicke ich per Mail die\nHausaufgaben f\u00fcr n\u00e4chste Woche<\/p>\n\n\n\n<ul><li><strong>\u00dcberall verf\u00fcgbar, ersetzt jedoch nicht den pers\u00f6nlichen Kontakt zwischen Ihrem Kind und mir, der mir pers\u00f6nlich IMMER sehr wichtig ist. Eine Alternative f\u00fcr all jene, die nicht mobil sind oder sein k\u00f6nnen.<\/strong><\/li><\/ul>\n","protected":false},"excerpt":{"rendered":"<p>Ich biete Ihrem Kind ein online Legasthenie-und\/oder Lerntraining an. Das funktioniert gut und ist einfach zu verwenden. Wie funktioniert es? Ich schicke meinen Meeting-URL &#8211; Voraussetzung ist die Installation vom Programm Zoom Zur verabredeten Zeit treffen wir uns dann im &hellip; <a href=\"http:\/\/www.legasthenie.cc\/?page_id=163\">Weiterlesen <span class=\"meta-nav\">&rarr;<\/span><\/a><\/p>\n","protected":false},"author":1,"featured_media":0,"parent":0,"menu_order":0,"comment_status":"closed","ping_status":"closed","template":"","meta":{"footnotes":""},"_links":{"self":[{"href":"http:\/\/www.legasthenie.cc\/index.php?rest_route=\/wp\/v2\/pages\/163"}],"collection":[{"href":"http:\/\/www.legasthenie.cc\/index.php?rest_route=\/wp\/v2\/pages"}],"about":[{"href":"http:\/\/www.legasthenie.cc\/index.php?rest_route=\/wp\/v2\/types\/page"}],"author":[{"embeddable":true,"href":"http:\/\/www.legasthenie.cc\/index.php?rest_route=\/wp\/v2\/users\/1"}],"replies":[{"embeddable":true,"href":"http:\/\/www.legasthenie.cc\/index.php?rest_route=%2Fwp%2Fv2%2Fcomments&post=163"}],"version-history":[{"count":4,"href":"http:\/\/www.legasthenie.cc\/index.php?rest_route=\/wp\/v2\/pages\/163\/revisions"}],"predecessor-version":[{"id":179,"href":"http:\/\/www.legasthenie.cc\/index.php?rest_route=\/wp\/v2\/pages\/163\/revisions\/179"}],"wp:attachment":[{"href":"http:\/\/www.legasthenie.cc\/index.php?rest_route=%2Fwp%2Fv2%2Fmedia&parent=163"}],"curies":[{"name":"wp","href":"https:\/\/api.w.org\/{rel}","templated":true}]}}