{"id":182,"date":"2021-04-26T09:01:21","date_gmt":"2021-04-26T07:01:21","guid":{"rendered":"http:\/\/www.legasthenie.cc\/?page_id=182"},"modified":"2021-04-26T09:03:04","modified_gmt":"2021-04-26T07:03:04","slug":"lerndidaktik","status":"publish","type":"page","link":"http:\/\/www.legasthenie.cc\/?page_id=182","title":{"rendered":"Lerntraining"},"content":{"rendered":"\n<p>Als diplomierte Lerndidaktikerin helfe ich Ihrem Kind die richtige Methode f\u00fcr das Lernen zu finden.<br>Lernprobleme sind keine Krankheit! Man braucht nur Motivation, Lob, Geduld und das richtige Hilfsmittel!!<br><strong>Lernen kann man lehren!<\/strong> (Dr. Astrid Kopp-Dull, Dr. Livia Pailer-Duller)<\/p>\n\n\n\n<p><br>Ablauf:<br>Kostenloses Erst-und Beratungsgespr\u00e4ch:<br>Hier lernen wir uns kenne und besprechen alle Anliegen, Fragen und vor allem auch die Schritte eines Lerntrainings. Wenn sie mir zu diesem Gespr\u00e4ch schon aktuelle Schulunterlagen (Hefte, Aufs\u00e4tze, etc.) mitnehmen kann ich einen ersten Eindruck gewinnen, woran wir zuk\u00fcnfitg gemeinsam trainieren d\u00fcrfen.<\/p>\n\n\n\n<p>Danach folgt eine F\u00f6rderdiagnostik:<\/p>\n\n\n\n<p>Hier st\u00fctze ich mich auf die \u00dcberpr\u00fcfung der Wahrnehmung und der Aufmerksamkeit ihres Kindes, auf Fehleranalyse und wenn n\u00f6tig auch auf einen Lese-Rechtschreibtest oder auch auf ein Screeningverfahren zur Lerndstandserhebung.<br>Jedes Kind hat seine eigene Lerngeschwindigkeit<br>Jeses Kind soll genau dort unterst\u00fctzt werden, wo es n\u00f6tig ist.<br>Neben dem Testverfahre f\u00fchre ich eine umfassende Anamnese durch, damit ich Ihr Kind bei einem ausf\u00fchrlichen Gespr\u00e4ch besser kennenlernen und somit die Ursache der Lernschwierigkeiten aufdecken kann. Diese Gespr\u00e4che sind mir im spezifischen Lerntraining besonders wichtig, denn dadurch und durch viel Motivation finden wir gemeinsam den Weg zum Erfolg.<br>Ich f\u00fchre eine Analyse der Ist-Situation in Bezug auf die Lernentwicklung Ihres Kindes durch und erstelle anschlie\u00dfend den individuellen Trainingsplan f\u00fcr Ihr Kind.<br>Zweck des gesamten Feststellungsverfahrens muss sein, dass alle Problembereiche Ihres Kindes ermittelt werden und dass ihr Kind umgehend eine indivieulle F\u00f6rderung bzw. Hilfe bekommt, vor allem deshalb, damit es nicht zu psychischen Aauff\u00e4lligkeiten kommt, weil der Erfolg in der Schule ausbleibt.<\/p>\n\n\n\n<p>Lernblockaden k\u00f6nnen sich in jedem Alter auftreten, sie zeigen sich in z.B.:<br>Leistungsabfall<br>Konzentrationsschwierigkeiten<br>Schulstress<br>Pr\u00fcfungsangst<br>Versagens\u00e4ngste<br>\u00dcberforderung und Lernstress<br>mangelndes Selbstvertrauen<br>Motivationsmangel<br>Ein Lerntraining ist keine Nachhilfe, sondern bezweckt positive Lernerlebnisse auszurichten. Es hilft den schulischen Erfolg Ihres Kindes zu steigern und gleichzeitig das h\u00e4usliche Lernumfeld zu beg\u00fcnstigen.<br>Jede Trainingsstunde (60 Minuten) beginne ich mit einer Brain-Gym \u00dcbung<br>Kosten:<br>Einzelstunde:<br>1x in der Woche f\u00fcr 60 Minuten im Einzelunterricht \u2026\u2026\u202635\u20ac inkusive aller&nbsp; Materialien auch f\u00fcr das h\u00e4usliche Training: keine weiteren Zusatzkosten f\u00fcr Trainingsmappe, Arbeitsbl\u00e4tter, Ausdrucke etc.<br>Trainingscard 10 Stunden:<br>1x in der Woche f\u00fcr 60 Minuten im Einzelunterricht &nbsp; \u2026\u2026\u2026300\u20ac inkusive aller&nbsp;Materialien auch f\u00fcr das h\u00e4usliche Training: keine weiteren Zusatzkosten f\u00fcr Trainingsmappe, Arbeitsbl\u00e4tter, Ausdrucke etc.<\/p>\n\n\n\n<p>Lerntraining online:<br>Aufgrund die gegenw\u00e4rtigen Schulsituation braucht Ihr Kinder eventuell noch mehr Hilfe beim Lernen. Daher gibt es auch die M\u00f6glichkeit, ein speziell auf die Lernbed\u00fcrfnisse ihres Kindes, abgestimmte Online-Training in Anspruch zu nehmen.<br>&nbsp;<br>VORTEILE:<\/p>\n\n\n\n<ul><li>\u00fcberall verf\u00fcgbar<\/li><li>keine Anfahrts und Wartezeit<\/li><\/ul>\n\n\n\n<p>Quelle: www.lerndidaktiker.com<\/p>\n","protected":false},"excerpt":{"rendered":"<p>Als diplomierte Lerndidaktikerin helfe ich Ihrem Kind die richtige Methode f\u00fcr das Lernen zu finden.Lernprobleme sind keine Krankheit! Man braucht nur Motivation, Lob, Geduld und das richtige Hilfsmittel!!Lernen kann man lehren! (Dr. Astrid Kopp-Dull, Dr. Livia Pailer-Duller) Ablauf:Kostenloses Erst-und Beratungsgespr\u00e4ch:Hier &hellip; <a href=\"http:\/\/www.legasthenie.cc\/?page_id=182\">Weiterlesen <span class=\"meta-nav\">&rarr;<\/span><\/a><\/p>\n","protected":false},"author":1,"featured_media":0,"parent":0,"menu_order":0,"comment_status":"closed","ping_status":"closed","template":"","meta":{"footnotes":""},"_links":{"self":[{"href":"http:\/\/www.legasthenie.cc\/index.php?rest_route=\/wp\/v2\/pages\/182"}],"collection":[{"href":"http:\/\/www.legasthenie.cc\/index.php?rest_route=\/wp\/v2\/pages"}],"about":[{"href":"http:\/\/www.legasthenie.cc\/index.php?rest_route=\/wp\/v2\/types\/page"}],"author":[{"embeddable":true,"href":"http:\/\/www.legasthenie.cc\/index.php?rest_route=\/wp\/v2\/users\/1"}],"replies":[{"embeddable":true,"href":"http:\/\/www.legasthenie.cc\/index.php?rest_route=%2Fwp%2Fv2%2Fcomments&post=182"}],"version-history":[{"count":3,"href":"http:\/\/www.legasthenie.cc\/index.php?rest_route=\/wp\/v2\/pages\/182\/revisions"}],"predecessor-version":[{"id":186,"href":"http:\/\/www.legasthenie.cc\/index.php?rest_route=\/wp\/v2\/pages\/182\/revisions\/186"}],"wp:attachment":[{"href":"http:\/\/www.legasthenie.cc\/index.php?rest_route=%2Fwp%2Fv2%2Fmedia&parent=182"}],"curies":[{"name":"wp","href":"https:\/\/api.w.org\/{rel}","templated":true}]}}